{"id":18915,"date":"2025-01-01T00:00:54","date_gmt":"2025-01-01T00:00:54","guid":{"rendered":"https:\/\/brizon-mousaei-avocats.com\/brizon-mousaei-law"},"modified":"2025-07-11T14:01:32","modified_gmt":"2025-07-11T14:01:32","slug":"brizon-mousaei-law","status":"publish","type":"page","link":"https:\/\/brizon-mousaei-avocats.com\/fr","title":{"rendered":"Brizon Mousaei LAW"},"content":{"rendered":"<div class=\"wpb-content-wrapper\"><p>[vc_row padding_top_multiplier=\u00a0\u00bb\u00a0\u00bb padding_bottom_multiplier=\u00a0\u00bb\u00a0\u00bb][vc_column]\n\t\t\t\t<p class=\"rs-p-wp-fix\"><\/p>\n\t\t\t\t<sr7-module data-alias=\"homepage\" data-id=\"3\" id=\"SR7_3_1\" class=\"rs-ov-hidden\" data-version=\"6.7.32\">\n\t\t\t\t\t<sr7-adjuster><\/sr7-adjuster>\n\t\t\t\t\t<sr7-content>\n\t\t\t\t\t\t<sr7-slide id=\"SR7_3_1-9\" data-key=\"9\">\n\t\t\t\t\t\t<\/sr7-slide>\n\t\t\t\t\t\t<sr7-slide id=\"SR7_3_1-8\" data-key=\"8\">\n\t\t\t\t\t\t<\/sr7-slide>\n\t\t\t\t\t\t<sr7-slide id=\"SR7_3_1-10\" data-key=\"10\">\n\t\t\t\t\t\t<\/sr7-slide>\n\t\t\t\t\t\t<sr7-slide id=\"SR7_3_1-11\" data-key=\"11\">\n\t\t\t\t\t\t\t<sr7-txt id=\"SR7_3_1-11-0\" class=\"sr7-layer\">Contact Us<\/sr7-txt>\n\t\t\t\t\t\t\t<sr7-txt id=\"SR7_3_1-11-9\" class=\"sr7-layer\">YOUR RIGHTS,\n<\/sr7-txt>\n\t\t\t\t\t\t\t<sr7-txt id=\"SR7_3_1-11-10\" class=\"sr7-layer\">OUR FIGHT.<\/sr7-txt>\n\t\t\t\t\t\t\t<sr7-txt id=\"SR7_3_1-11-11\" class=\"sr7-layer\">DEFENDING YOUR RIGHTS IS IN OUR DNA<\/sr7-txt>\n\t\t\t\t\t\t\t<sr7-txt id=\"SR7_3_1-11-12\" class=\"sr7-layer\">Our Legal Expertise<\/sr7-txt>\n\t\t\t\t\t\t<\/sr7-slide>\n\t\t\t\t\t<\/sr7-content>\n\t\t\t\t\t<image_lists style=\"display:none\">\n\t\t\t\t\t\t<img data-src=\"\/\/brizon-mousaei-avocats.com\/cdn\/411048414_db8dba80-e771-4b96-a2fd-a83a1250650d-removebg-preview.png\" data-libid=\"18035\" data-lib=\"medialibrary\" title=\"411048414_db8dba80-e771-4b96-a2fd-a83a1250650d-removebg-preview\" width=\"0\" height=\"0\" data-dbsrc=\"Ly9icml6b24tbW91c2FlaS1hdm9jYXRzLmNvbS9jZG4vNDExMDQ4NDE0X2RiOGRiYTgwLWU3NzEtNGI5Ni1hMmZkLWE4M2ExMjUwNjUwZC1yZW1vdmViZy1wcmV2aWV3LnBuZw==\"\/>\n\t\t\t\t\t\t<img data-src=\"\/\/brizon-mousaei-avocats.com\/cdn\/image-removebg-preview-11.png\" data-libid=\"18034\" data-lib=\"medialibrary\" title=\"image-removebg-preview-11\" width=\"0\" height=\"0\" data-dbsrc=\"Ly9icml6b24tbW91c2FlaS1hdm9jYXRzLmNvbS9jZG4vaW1hZ2UtcmVtb3ZlYmctcHJldmlldy0xMS5wbmc=\"\/>\n\t\t\t\t\t\t<img data-src=\"\/\/brizon-mousaei-avocats.com\/cdn\/2151945791-removebg-preview.png\" data-libid=\"18033\" data-lib=\"medialibrary\" title=\"2151945791-removebg-preview\" width=\"0\" height=\"0\" data-dbsrc=\"Ly9icml6b24tbW91c2FlaS1hdm9jYXRzLmNvbS9jZG4vMjE1MTk0NTc5MS1yZW1vdmViZy1wcmV2aWV3LnBuZw==\"\/>\n\t\t\t\t\t<\/image_lists>\n\t\t\t\t<\/sr7-module>\n\t\t\t\t<script>\n\t\t\t\t\tSR7.PMH ??={}; SR7.PMH[\"SR7_3_1\"] = {cn:100,state:false,fn: function() { if (_tpt!==undefined && _tpt.prepareModuleHeight !== undefined) {  _tpt.prepareModuleHeight({id:\"SR7_3_1\",el:[600,600,600,960,720],type:'standard',shdw:'0',gh:[600,600,600,960,720],gw:[1170,1170,936,778,480],vpt:['-100px&#039;,&#039;-100px&#039;,&#039;-100px&#039;,&#039;-100px&#039;,&#039;-100px'],size:{fullWidth:true, fullHeight:false},mh:'0',onh:0,onw:0,bg:{color:'{\"type\":\"solid\",\"orig\":\"#f3f4f9\",\"string\":\"rgba(243, 244, 249, 1)\"}'},plType:'-1',plColor:'#FFFFFF'});   SR7.PMH[\"SR7_3_1\"].state=true;} else if(SR7.PMH[\"SR7_3_1\"].cn-->0)\tsetTimeout( SR7.PMH[\"SR7_3_1\"].fn,19);}};SR7.PMH[\"SR7_3_1\" ].fn();\n\t\t\t\t<\/script>\n[\/vc_column][\/vc_row][vc_row padding_top_multiplier=\u00a0\u00bb\u00a0\u00bb padding_bottom_multiplier=\u00a0\u00bb\u00a0\u00bb separator_top=\u00a0\u00bbcurve-left-separator\u00a0\u00bb separator_top_size=\u00a0\u00bb100%\u00a0\u00bb separator_top_color=\u00a0\u00bb#F3F4FA\u00a0\u00bb][vc_column column_effect=\u00a0\u00bbmouse-move-x-y\u00a0\u00bb column_custom_position=\u00a0\u00bbyes\u00a0\u00bb position_top=\u00a0\u00bbminus-2x\u00a0\u00bb heading_color=\u00a0\u00bbdark\u00a0\u00bb clipping_animation=\u00a0\u00bbclipping-left\u00a0\u00bb css=\u00a0\u00bb.vc_custom_1751733745654{padding-top: 15px !important;padding-right: 15px !important;padding-bottom: 15px !important;padding-left: 15px !important;background-color: #FFFFFF !important;border-radius: 10px !important;}\u00a0\u00bb el_wrapper_class=\u00a0\u00bbgrve-drop-shadow\u00a0\u00bb][vc_row_inner][vc_column_inner width=\u00a0\u00bb1\/4&Prime; css=\u00a0\u00bb.vc_custom_1744723097871{margin-top: 10px !important;margin-right: 10px !important;margin-bottom: 10px !important;margin-left: 10px !important;border-top-width: 1px !important;border-right-width: 1px !important;border-bottom-width: 1px !important;border-left-width: 1px !important;padding-top: 10px !important;padding-right: 10px !important;padding-bottom: 10px !important;padding-left: 10px !important;border-left-style: dashed !important;border-right-style: dashed !important;border-top-style: dashed !important;border-bottom-style: dashed !important;border-radius: 15px !important;border-color: #D0D0D0 !important;}\u00a0\u00bb]<div class=\"grve-element grve-box-icon grve-medium grve-top-icon grve-align-center\" style=\"\"><div class=\"grve-image-icon\"><img loading=\"lazy\" decoding=\"async\" width=\"500\" height=\"500\" src=\"https:\/\/brizon-mousaei-avocats.com\/cdn\/qr-map.png\" class=\"attachment-full size-full\" alt=\"\" srcset=\"https:\/\/brizon-mousaei-avocats.com\/cdn\/qr-map.png 500w, https:\/\/brizon-mousaei-avocats.com\/cdn\/qr-map-300x300.png 300w, https:\/\/brizon-mousaei-avocats.com\/cdn\/qr-map-150x150.png 150w\" sizes=\"auto, (max-width: 500px) 100vw, 500px\" \/><\/div><div class=\"grve-box-content\"><\/div><\/div>[vc_column_text css=\u00a0\u00bb\u00a0\u00bb]<\/p>\n<p style=\"text-align: center;\">Scannez ce code QR pour regarder notre vid\u00e9o d&rsquo;introduction ou continuez en cliquant sur le bouton ci-dessous.<\/p>\n<p>[\/vc_column_text]<div class=\"grve-empty-space grve-height-1x\" style=\"\"><\/div><div class=\"grve-element grve-align-center grve-fluid-button\"><a href=\"https:\/\/vimeo.com\/1078283420\" rel=\"nofollow\" class=\"grve-btn grve-btn-medium grve-shadow-small grve-round grve-bg-primary-1 grve-bg-hover-black grve-video-popup\" style=\"max-width: 250px;\"><span><i class=\"smp-icon-control-play\"><\/i>Regardez la vid\u00e9o<\/span><\/a><\/div>[\/vc_column_inner][vc_column_inner width=\u00a0\u00bb3\/4&Prime; css=\u00a0\u00bb.vc_custom_1744723107620{margin-top: 10px !important;margin-right: 10px !important;margin-bottom: 10px !important;margin-left: 10px !important;}\u00a0\u00bb][vc_column_text css=\u00a0\u00bb\u00a0\u00bb]<\/p>\n<p style=\"text-align: justify;\"><strong>BRIZON &amp; MOUSAEI LAW<\/strong><\/p>\n<p style=\"text-align: justify;\">Le cabinet BRIZON &amp; MOUSAEI dispose d&rsquo;une solide exp\u00e9rience dans plusieurs domaines du droit, notamment le droit des affaires, le droit civil g\u00e9n\u00e9ral et plus particuli\u00e8rement le droit des assurances, des risques et de la responsabilit\u00e9, le droit immobilier et le droit des soci\u00e9t\u00e9s pour les PME et les clients institutionnels.<\/p>\n<p style=\"text-align: justify;\">Le cabinet soutient ses clients dans leurs d\u00e9fis nationaux et internationaux, en leur apportant son expertise dans les domaines du conseil et du contentieux, avec le m\u00eame souci de faire la diff\u00e9rence. BRIZON &amp; MOUSAEI comprend deux divisions, dirig\u00e9es par ses deux associ\u00e9s Anita MOUSAEI et St\u00e9phane BRIZON.<\/p>\n<p style=\"text-align: justify;\">Anita MOUSAEI dirige le p\u00f4le entreprises et immobilier et St\u00e9phane BRIZON le p\u00f4le risques et assurances. Leur \u00e9quipe est compos\u00e9e d&rsquo;hommes et de femmes d&rsquo;origines et de cultures diff\u00e9rentes.<\/p>\n<p>[\/vc_column_text][\/vc_column_inner][\/vc_row_inner][\/vc_column][\/vc_row][vc_row heading_color=\u00a0\u00bblight\u00a0\u00bb padding_top_multiplier=\u00a0\u00bb\u00a0\u00bb padding_bottom_multiplier=\u00a0\u00bb\u00a0\u00bb equal_column_height=\u00a0\u00bbequal-column\u00a0\u00bb font_color=\u00a0\u00bb#ffffff\u00a0\u00bb][vc_column width=\u00a0\u00bb1\/2&Prime; tablet_sm_width=\u00a0\u00bb1&Prime; animation_delay=\u00a0\u00bb600&Prime; css=\u00a0\u00bb.vc_custom_1751735466837{margin-bottom: 30px !important;padding-top: 30px !important;padding-right: 30px !important;padding-bottom: 30px !important;padding-left: 30px !important;background-image: url(https:\/\/brizon-mousaei-avocats.com\/cdn\/image-16.webp?id=18123) !important;background-position: center !important;background-repeat: no-repeat !important;background-size: cover !important;border-radius: 10px !important;}\u00a0\u00bb]<h3 class=\"grve-element grve-title grve-align-left grve-h2\" style=\"\"><span>EXPERTISE<\/span><\/h3>[vc_column_text css=\u00a0\u00bb\u00a0\u00bb]<\/p>\n<p style=\"text-align: justify;\">Parce que nous pr\u00e9f\u00e9rons parler de partenaires plut\u00f4t que de clients. Parce que nous travaillons en bin\u00f4me et que l&rsquo;union fait la force. Car c&rsquo;est dans le d\u00e9tail et dans la profondeur de la r\u00e9flexion que les projets prennent forme et que les affaires sont gagn\u00e9es.<\/p>\n<p>[\/vc_column_text]<div class=\"grve-empty-space grve-height-1x\" style=\"\"><\/div><div class=\"grve-element grve-align-left\"><a href=\"https:\/\/brizon-mousaei-avocats.com\/expertise\" class=\"grve-btn grve-btn-medium grve-round grve-bg-white grve-bg-hover-white grve-btn-line\"><span>En savoir plus<\/span><\/a><\/div>[\/vc_column][vc_column width=\u00a0\u00bb1\/2&Prime; tablet_sm_width=\u00a0\u00bb1&Prime; animation_delay=\u00a0\u00bb600&Prime; css=\u00a0\u00bb.vc_custom_1751737142725{padding-top: 30px !important;padding-right: 30px !important;padding-bottom: 30px !important;padding-left: 30px !important;background-image: url(https:\/\/brizon-mousaei-avocats.com\/cdn\/image-19.webp?id=18126) !important;background-position: center !important;background-repeat: no-repeat !important;background-size: cover !important;border-radius: 10px !important;}\u00a0\u00bb]<h3 class=\"grve-element grve-title grve-align-left grve-h2\" style=\"\"><span>NOTRE FIRME<\/span><\/h3>[vc_column_text css=\u00a0\u00bb\u00a0\u00bb]<\/p>\n<p style=\"text-align: justify;\">Que vous soyez cadre sup\u00e9rieur, chef d&rsquo;entreprise, entrepreneur ou dirigeant d&rsquo;entreprise, notre objectif est de vous aider \u00e0 atteindre vos objectifs et \u00e0 r\u00e9aliser vos projets, \u00e9tape par \u00e9tape. Exp\u00e9rience, Cr\u00e9ativit\u00e9 et Implication, c&rsquo;est ce que nous souhaitons mettre \u00e0 votre disposition au 87, Avenue Mozart dans le <sup>16\u00e8me<\/sup> arrondissement au c\u0153ur du Paris chic.<\/p>\n<p>[\/vc_column_text]<div class=\"grve-empty-space grve-height-1x\" style=\"\"><\/div><div class=\"grve-element grve-align-left\"><a href=\"https:\/\/brizon-mousaei-avocats.com\/our-firm\" class=\"grve-btn grve-btn-medium grve-round grve-bg-white grve-bg-hover-black\"><span>Restez connect\u00e9<\/span><\/a><\/div>[\/vc_column][\/vc_row][vc_row columns_gap=\u00a0\u00bb60&Prime;][vc_column]<h3 class=\"grve-element grve-title grve-align-left grve-h3\" style=\"\"><span>LA D\u00c9FENSE DE VOS DROITS EST DANS NOTRE ADN<\/span><\/h3>[\/vc_column][vc_column width=\u00a0\u00bb1\/2&Prime;]<div class=\"grve-empty-space grve-height-2x\" style=\"\"><\/div>[vc_column_text css=\u00a0\u00bb\u00a0\u00bb]<\/p>\n<p style=\"text-align: justify;\">C&rsquo;est en prenant en compte les personnes que les plus grands projets se r\u00e9alisent. C&rsquo;est pourquoi BRIZON &amp; MOUSAEI ne d\u00e9l\u00e8gue ni ne sous-traite aucun dossier, mais travaille en synergie avec ses partenaires et son r\u00e9seau chaque fois que cela est n\u00e9cessaire, quels que soient les enjeux, le montant de nos prestations ou la dur\u00e9e de notre collaboration.<\/p>\n<p>[\/vc_column_text][\/vc_column][vc_column width=\u00a0\u00bb1\/2&Prime;]<div class=\"grve-element grve-progress-bars grve-style-2 grve-line-square\" style=\"\"><div class=\"grve-element grve-progress-bar grve-margin-10\" data-value=\"98\">  <div class=\"grve-small-text grve-bar-title\">RESPONSABILIT\u00c9 ET ASSURANCE<\/div>  <div class=\"grve-bar\">    <div class=\"grve-bar-line grve-bg-primary-1\" style=\"height: 4px;\"><\/div>  <\/div><\/div><div class=\"grve-element grve-progress-bar grve-margin-10\" data-value=\"99\">  <div class=\"grve-small-text grve-bar-title\">DROITS DES SOCI\u00c9T\u00c9S<\/div>  <div class=\"grve-bar\">    <div class=\"grve-bar-line grve-bg-primary-1\" style=\"height: 4px;\"><\/div>  <\/div><\/div><div class=\"grve-element grve-progress-bar grve-margin-10\" data-value=\"97\">  <div class=\"grve-small-text grve-bar-title\">DROIT IMMOBILIER<\/div>  <div class=\"grve-bar\">    <div class=\"grve-bar-line grve-bg-primary-1\" style=\"height: 4px;\"><\/div>  <\/div><\/div><div class=\"grve-element grve-progress-bar grve-margin-10\" data-value=\"98\">  <div class=\"grve-small-text grve-bar-title\">DROIT COMMERCIAL<\/div>  <div class=\"grve-bar\">    <div class=\"grve-bar-line grve-bg-primary-1\" style=\"height: 4px;\"><\/div>  <\/div><\/div><div class=\"grve-element grve-progress-bar grve-margin-10\" data-value=\"97\">  <div class=\"grve-small-text grve-bar-title\">DROIT BANCAIRE ET FINANCIER<\/div>  <div class=\"grve-bar\">    <div class=\"grve-bar-line grve-bg-primary-1\" style=\"height: 4px;\"><\/div>  <\/div><\/div><\/div>[\/vc_column][\/vc_row][vc_row heading_color=\u00a0\u00bblight\u00a0\u00bb bg_type=\u00a0\u00bbimage\u00a0\u00bb bg_image=\u00a0\u00bb18000&Prime; bg_image_type=\u00a0\u00bbparallax\u00a0\u00bb color_overlay=\u00a0\u00bbgradient\u00a0\u00bb gradient_overlay_custom_1=\u00a0\u00bbrgba(0,0,0,0.3)\u00a0\u00bb gradient_overlay_custom_2=\u00a0\u00bb#000000&Prime; gradient_overlay_direction=\u00a0\u00bb180&Prime; padding_top_multiplier=\u00a0\u00bb2x\u00a0\u00bb padding_bottom_multiplier=\u00a0\u00bb4x\u00a0\u00bb columns_gap=\u00a0\u00bb60&Prime; equal_column_height=\u00a0\u00bbmiddle-content\u00a0\u00bb font_color=\u00a0\u00bb#ffffff\u00a0\u00bb][vc_column]<h1 class=\"grve-element grve-title grve-align-left grve-animated-item grve-duration-normal grve-fade-in-up grve-h1\" style=\"margin-bottom: 0px;\" data-delay=\"400\"><span>\u00c9QUIPE<\/span><\/h1><div class=\"grve-empty-space grve-height-2x\" style=\"\"><\/div>[vc_row_inner][vc_column_inner width=\u00a0\u00bb1\/3&Prime;]<h3 class=\"grve-element grve-title grve-align-left grve-animated-item grve-duration-normal grve-fade-in-up grve-h6\" style=\"\" data-delay=\"600\"><span>DANS LE BUREAU<\/span><\/h3>[vc_column_text css=\u00a0\u00bb\u00a0\u00bb animation=\u00a0\u00bbgrve-fade-in-up\u00a0\u00bb animation_delay=\u00a0\u00bb500&Prime;]<\/p>\n<p style=\"text-align: justify;\">Le cabinet est compos\u00e9 de deux avocats of Counsel : Ma\u00eetre Olivier QUEFELEC et Ma\u00eetre Brahim DALIL, et d&rsquo;une \u00e9quipe de collaborateurs, d&rsquo;assistants et de stagiaires.<\/p>\n<p>[\/vc_column_text][\/vc_column_inner][vc_column_inner width=\u00a0\u00bb1\/3&Prime;]<h3 class=\"grve-element grve-title grve-align-left grve-animated-item grve-duration-normal grve-fade-in-up grve-h6\" style=\"\" data-delay=\"800\"><span>OUT OFFICE<\/span><\/h3>[vc_column_text css=\u00a0\u00bb\u00a0\u00bb animation=\u00a0\u00bbgrve-fade-in-up\u00a0\u00bb animation_delay=\u00a0\u00bb900&Prime;]<\/p>\n<p style=\"text-align: justify;\">Une \u00e9quipe d&rsquo;avocats en France et \u00e0 l&rsquo;\u00e9tranger, Un r\u00e9seau et une synergie de notaires, commissaires judiciaires, experts en assurances, experts-comptables, gestionnaires de patrimoine&#8230;<\/p>\n<p>[\/vc_column_text][\/vc_column_inner][vc_column_inner width=\u00a0\u00bb1\/3&Prime;]<h3 class=\"grve-element grve-title grve-align-left grve-animated-item grve-duration-normal grve-fade-in-up grve-h6\" style=\"\" data-delay=\"1000\"><span>Des questions ?<\/span><\/h3>[vc_column_text css=\u00a0\u00bb\u00a0\u00bb animation=\u00a0\u00bbgrve-fade-in-up\u00a0\u00bb animation_delay=\u00a0\u00bb1100&Prime;]Demandez une consultation gratuite[\/vc_column_text]<div class=\"grve-element grve-align-left grve-animated-item grve-fade-in grve-duration-normal\" data-delay=\"1200\"><a href=\"https:\/\/brizon-mousaei-avocats.com\/contact\" class=\"grve-btn grve-btn-medium grve-round grve-bg-white grve-bg-hover-black\"><span>Restez connect\u00e9<\/span><\/a><\/div>[\/vc_column_inner][\/vc_row_inner][\/vc_column][\/vc_row][vc_row padding_top_multiplier=\u00a0\u00bb\u00a0\u00bb padding_bottom_multiplier=\u00a0\u00bb\u00a0\u00bb][vc_column column_custom_position=\u00a0\u00bbyes\u00a0\u00bb position_top=\u00a0\u00bbminus-2x\u00a0\u00bb width=\u00a0\u00bb2\/3&Prime; css=\u00a0\u00bb.vc_custom_1751739723429{background-image: url(https:\/\/brizon-mousaei-avocats.com\/cdn\/image001-scaled.png?id=18136) !important;background-position: center !important;background-repeat: no-repeat !important;background-size: cover !important;border-radius: 10px !important;}\u00a0\u00bb el_wrapper_class=\u00a0\u00bbgrve-drop-shadow\u00a0\u00bb]<div class=\"grve-empty-space grve-height-6x\" style=\"\"><\/div>[\/vc_column][vc_column column_custom_position=\u00a0\u00bbyes\u00a0\u00bb position_top=\u00a0\u00bbminus-2x\u00a0\u00bb width=\u00a0\u00bb1\/6&Prime; mobile_width=\u00a0\u00bb1-2&Prime; css=\u00a0\u00bb.vc_custom_1751739961827{background-image: url(https:\/\/brizon-mousaei-avocats.com\/cdn\/team-stephane-brizon.jpg?id=18083) !important;background-position: center !important;background-repeat: no-repeat !important;background-size: cover !important;border-radius: 5px !important;}\u00a0\u00bb]<div class=\"grve-empty-space grve-height-6x\" style=\"\"><\/div>[\/vc_column][vc_column column_custom_position=\u00a0\u00bbyes\u00a0\u00bb position_top=\u00a0\u00bbminus-2x\u00a0\u00bb width=\u00a0\u00bb1\/6&Prime; mobile_width=\u00a0\u00bb1-2&Prime; css=\u00a0\u00bb.vc_custom_1751739966109{background-image: url(https:\/\/brizon-mousaei-avocats.com\/cdn\/team-anita-mousaei.jpg?id=18082) !important;background-position: center !important;background-repeat: no-repeat !important;background-size: cover !important;border-radius: 5px !important;}\u00a0\u00bb]<div class=\"grve-empty-space grve-height-6x\" style=\"\"><\/div>[\/vc_column][vc_column][vc_column_text css=\u00a0\u00bb\u00a0\u00bb]<\/p>\n<p style=\"text-align: justify;\">Brizon &amp; Mousaei est un prestigieux cabinet d&rsquo;avocats bas\u00e9 \u00e0 Paris qui offre des services juridiques experts aux entrepreneurs, aux professionnels et aux soci\u00e9t\u00e9s en France et \u00e0 l&rsquo;\u00e9tranger. Avec une approche centr\u00e9e sur l&rsquo;humain, le cabinet est sp\u00e9cialis\u00e9 dans le droit des soci\u00e9t\u00e9s, l&rsquo;assurance, l&rsquo;immobilier, la conformit\u00e9 (y compris GDPR) et la finance.<\/p>\n<p style=\"text-align: justify;\">Aucun dossier n&rsquo;est d\u00e9l\u00e9gu\u00e9, chaque client re\u00e7oit une attention personnalis\u00e9e et de haut niveau. Que vous soyez confront\u00e9 \u00e0 un litige, \u00e0 une restructuration d&rsquo;entreprise ou \u00e0 des d\u00e9fis r\u00e9glementaires, Brizon &amp; Mousaei vous propose des strat\u00e9gies juridiques sur mesure et un soutien sans faille.<\/p>\n<p>[\/vc_column_text][\/vc_column][\/vc_row]<\/p>\n<\/div>","protected":false},"excerpt":{"rendered":"<p>Qui id populo possit accommodare, feugait oporteat nam.<\/p>\n","protected":false},"author":1,"featured_media":0,"parent":0,"menu_order":0,"comment_status":"closed","ping_status":"closed","template":"","meta":{"footnotes":""},"class_list":["post-18915","page","type-page","status-publish","hentry"],"_links":{"self":[{"href":"https:\/\/brizon-mousaei-avocats.com\/fr\/wp-json\/wp\/v2\/pages\/18915","targetHints":{"allow":["GET"]}}],"collection":[{"href":"https:\/\/brizon-mousaei-avocats.com\/fr\/wp-json\/wp\/v2\/pages"}],"about":[{"href":"https:\/\/brizon-mousaei-avocats.com\/fr\/wp-json\/wp\/v2\/types\/page"}],"author":[{"embeddable":true,"href":"https:\/\/brizon-mousaei-avocats.com\/fr\/wp-json\/wp\/v2\/users\/1"}],"replies":[{"embeddable":true,"href":"https:\/\/brizon-mousaei-avocats.com\/fr\/wp-json\/wp\/v2\/comments?post=18915"}],"version-history":[{"count":2,"href":"https:\/\/brizon-mousaei-avocats.com\/fr\/wp-json\/wp\/v2\/pages\/18915\/revisions"}],"predecessor-version":[{"id":18917,"href":"https:\/\/brizon-mousaei-avocats.com\/fr\/wp-json\/wp\/v2\/pages\/18915\/revisions\/18917"}],"wp:attachment":[{"href":"https:\/\/brizon-mousaei-avocats.com\/fr\/wp-json\/wp\/v2\/media?parent=18915"}],"curies":[{"name":"wp","href":"https:\/\/api.w.org\/{rel}","templated":true}]}}