{"id":18919,"date":"2025-07-01T12:24:30","date_gmt":"2025-07-01T12:24:30","guid":{"rendered":"https:\/\/brizon-mousaei-avocats.com\/expertise"},"modified":"2025-07-11T14:02:38","modified_gmt":"2025-07-11T14:02:38","slug":"expertise","status":"publish","type":"page","link":"https:\/\/brizon-mousaei-avocats.com\/fr\/expertise","title":{"rendered":"EXPERTISE"},"content":{"rendered":"<div class=\"wpb-content-wrapper\"><p>[vc_row bg_type=\u00a0\u00bbcolor\u00a0\u00bb padding_top_multiplier=\u00a0\u00bb\u00a0\u00bb padding_bottom_multiplier=\u00a0\u00bb\u00a0\u00bb bg_color=\u00a0\u00bb#E2E2E2&Prime;][vc_column column_custom_position=\u00a0\u00bbyes\u00a0\u00bb position_top=\u00a0\u00bb6x\u00a0\u00bb width=\u00a0\u00bb5\/12&Prime;]<div class=\"grve-element grve-image grve-align-center\" style=\"\">  <div class=\"grve-image-wrapper\"><img loading=\"lazy\" decoding=\"async\" width=\"1200\" height=\"900\" src=\"https:\/\/brizon-mousaei-avocats.com\/cdn\/thumb-article-cheffe-entreprise-risques-remedes-2.jpg\" class=\"attachment-full size-full\" alt=\"\" srcset=\"https:\/\/brizon-mousaei-avocats.com\/cdn\/thumb-article-cheffe-entreprise-risques-remedes-2.jpg 1200w, https:\/\/brizon-mousaei-avocats.com\/cdn\/thumb-article-cheffe-entreprise-risques-remedes-2-300x225.jpg 300w, https:\/\/brizon-mousaei-avocats.com\/cdn\/thumb-article-cheffe-entreprise-risques-remedes-2-1024x768.jpg 1024w, https:\/\/brizon-mousaei-avocats.com\/cdn\/thumb-article-cheffe-entreprise-risques-remedes-2-768x576.jpg 768w, https:\/\/brizon-mousaei-avocats.com\/cdn\/thumb-article-cheffe-entreprise-risques-remedes-2-560x420.jpg 560w, https:\/\/brizon-mousaei-avocats.com\/cdn\/thumb-article-cheffe-entreprise-risques-remedes-2-900x675.jpg 900w\" sizes=\"auto, (max-width: 1200px) 100vw, 1200px\" \/>   <\/div><\/div>[\/vc_column][vc_column width=\u00a0\u00bb7\/12&Prime;]<div class=\"grve-empty-space grve-height-6x\" style=\"\"><\/div><h2 class=\"grve-element grve-title grve-align-left grve-small-text\" style=\"margin-bottom: 0px;\"><span>NOTRE EXPERTISE<\/span><\/h2><div class=\"grve-empty-space\" style=\"height: 20px;\"><\/div><h1 class=\"grve-element grve-title grve-align-left grve-h1\" style=\"margin-bottom: 0px;\"><span>EN VOUS OFFRANT LE MEILLEUR DE NOUS-M\u00caMES<\/span><\/h1><div class=\"grve-empty-space grve-height-3x\" style=\"\"><\/div>[vc_row_inner][vc_column_inner width=\u00a0\u00bb7\/12&Prime;][vc_column_text css=\u00a0\u00bb\u00a0\u00bb]<\/p>\n<p style=\"text-align: justify;\">C&rsquo;est dans le d\u00e9tail et la r\u00e9flexion profonde que les strat\u00e9gies prennent forme et que les affaires sont gagn\u00e9es. Nous nous engageons \u00e0 vous donner le meilleur de nous-m\u00eames. Nous nous engageons \u00e0 vous soutenir dans l&rsquo;adversit\u00e9 et les batailles juridiques.<\/p>\n<p>[\/vc_column_text][\/vc_column_inner][vc_column_inner width=\u00a0\u00bb5\/12&Prime;][vc_column_text css=\u00a0\u00bb\u00a0\u00bb]<b>Nos engagements : une entreprise<\/b><b>entreprise centr\u00e9e sur les relations humaines.<\/b>[\/vc_column_text][\/vc_column_inner][\/vc_row_inner][\/vc_column][\/vc_row][vc_row padding_top_multiplier=\u00a0\u00bb\u00a0\u00bb padding_bottom_multiplier=\u00a0\u00bb3x\u00a0\u00bb][vc_column width=\u00a0\u00bb1\/2&Prime;]<div class=\"grve-empty-space grve-height-6x\" style=\"\"><\/div><div class=\"grve-empty-space grve-height-2x\" style=\"\"><\/div>[vc_column_text css=\u00a0\u00bb\u00a0\u00bb text_style=\u00a0\u00bbleader-text\u00a0\u00bb]<strong>BRIZON &amp; MOUSAEI<\/strong>[\/vc_column_text]<div class=\"grve-empty-space grve-height-1x\" style=\"\"><\/div>[vc_column_text css=\u00a0\u00bb\u00a0\u00bb]<\/p>\n<p style=\"text-align: justify;\">C&rsquo;est en prenant en compte les personnes que les plus grands projets se r\u00e9alisent. C&rsquo;est pourquoi BRIZON &amp; MOUSAEI ne d\u00e9l\u00e8gue ni ne sous-traite aucun dossier, mais travaille en synergie avec ses partenaires et son r\u00e9seau chaque fois que cela est n\u00e9cessaire, quels que soient les enjeux, le montant de nos prestations ou la dur\u00e9e de notre collaboration.<\/p>\n<p>[\/vc_column_text][\/vc_column][vc_column width=\u00a0\u00bb1\/6&Prime;][\/vc_column][vc_column width=\u00a0\u00bb1\/3&Prime; css=\u00a0\u00bb.vc_custom_1751548106685{margin-top: 10px !important;}\u00a0\u00bb]<div class=\"grve-element grve-image grve-align-center\" style=\"\">  <div class=\"grve-image-wrapper\"><img loading=\"lazy\" decoding=\"async\" width=\"449\" height=\"449\" src=\"https:\/\/brizon-mousaei-avocats.com\/cdn\/image012.jpg\" class=\"attachment-full size-full\" alt=\"\" srcset=\"https:\/\/brizon-mousaei-avocats.com\/cdn\/image012.jpg 449w, https:\/\/brizon-mousaei-avocats.com\/cdn\/image012-300x300.jpg 300w, https:\/\/brizon-mousaei-avocats.com\/cdn\/image012-150x150.jpg 150w\" sizes=\"auto, (max-width: 449px) 100vw, 449px\" \/>   <\/div><\/div>[\/vc_column][\/vc_row][vc_row heading_color=\u00a0\u00bblight\u00a0\u00bb bg_type=\u00a0\u00bbimage\u00a0\u00bb bg_image=\u00a0\u00bb18071&Prime; color_overlay=\u00a0\u00bbdark\u00a0\u00bb opacity_overlay=\u00a0\u00bb40&Prime; padding_bottom_multiplier=\u00a0\u00bb\u00a0\u00bb equal_column_height=\u00a0\u00bbequal-column\u00a0\u00bb separator_top=\u00a0\u00bbtriangle-separator\u00a0\u00bb separator_bottom=\u00a0\u00bblarge-triangle-separator\u00a0\u00bb separator_bottom_size=\u00a0\u00bb60px\u00a0\u00bb font_color=\u00a0\u00bb#ffffff\u00a0\u00bb][vc_column column_custom_position=\u00a0\u00bbyes\u00a0\u00bb position_top=\u00a0\u00bb3x\u00a0\u00bb width=\u00a0\u00bb1\/3&Prime; tablet_sm_width=\u00a0\u00bb1-2&Prime; heading_color=\u00a0\u00bbdark\u00a0\u00bb css=\u00a0\u00bb.vc_custom_1751741629047{border-bottom-width: 1px !important;padding-top: 36px !important;padding-right: 36px !important;padding-bottom: 36px !important;padding-left: 36px !important;background-color: #ffffff !important;border-bottom-style: solid !important;border-radius: 5px !important;border-color: #5E5E5E !important;}\u00a0\u00bb font_color=\u00a0\u00bb#696969&Prime; el_wrapper_class=\u00a0\u00bbgrve-drop-shadow\u00a0\u00bb]<h3 class=\"grve-element grve-title grve-align-left grve-h6\" style=\"\"><span>RESPONSABILIT\u00c9 ET ASSURANCE<\/span><\/h3>[vc_column_text css=\u00a0\u00bb\u00a0\u00bb]L&rsquo;<strong>assurance-vie<\/strong>: Etudier le traitement juridique et fiscal des contrats d&rsquo;assurance-vie &#8211; R\u00e9diger une clause b\u00e9n\u00e9ficiaire &#8211; Les r\u00e9gimes matrimoniaux et l&rsquo;assurance-vie).<\/p>\n<p><strong>Assurance responsabilit\u00e9 civile vie priv\u00e9e<\/strong>: Litiges en cas de dommages corporels, mat\u00e9riels et immat\u00e9riels.<\/p>\n<p><strong>Assurance responsabilit\u00e9 professionnelle<\/strong>: Responsabilit\u00e9 des professionnels de la sant\u00e9, des juristes, des chiffreurs, des professionnels de l&rsquo;immobilier et de la construction<strong>.<\/strong><\/p>\n<p><strong>Assurance des entreprises<\/strong>: responsabilit\u00e9 professionnelle multirisque, responsabilit\u00e9 civile d&rsquo;exploitation, assurance des locaux, des stocks et des \u00e9quipements, cyber-assurance, assurance homme-cl\u00e9<strong>.<\/strong><\/p>\n<p><strong>Risque industriel et environnemental<\/strong>: assurance responsabilit\u00e9 environnementale, d\u00e9pollution des sites et des eaux, installations class\u00e9es, droit des sols.[\/vc_column_text][\/vc_column][vc_column column_custom_position=\u00a0\u00bbyes\u00a0\u00bb position_top=\u00a0\u00bb3x\u00a0\u00bb width=\u00a0\u00bb1\/3&Prime; tablet_sm_width=\u00a0\u00bb1-2&Prime; heading_color=\u00a0\u00bbdark\u00a0\u00bb css=\u00a0\u00bb.vc_custom_1751741635233{border-bottom-width: 1px !important;padding-top: 36px !important;padding-right: 36px !important;padding-bottom: 36px !important;padding-left: 36px !important;background-color: #ffffff !important;border-bottom-style: solid !important;border-radius: 5px !important;border-color: #5E5E5E !important;}\u00a0\u00bb font_color=\u00a0\u00bb#696969&Prime; el_wrapper_class=\u00a0\u00bbgrve-drop-shadow\u00a0\u00bb]<h3 class=\"grve-element grve-title grve-align-left grve-h6\" style=\"\"><span>DROITS DE L&rsquo;ENTREPRISE<\/span><\/h3>[vc_column_text css=\u00a0\u00bb\u00a0\u00bb]Constitution, transformation et restructuration de soci\u00e9t\u00e9s.<\/p>\n<p>Financement et cr\u00e9dit.<\/p>\n<p>Apports, fusions, scissions et apports partiels d&rsquo;actifs.<\/p>\n<p>Audit juridique, social et fiscal des op\u00e9rations de haut de bilan.<\/p>\n<p>Conformit\u00e9 et droit p\u00e9nal comptable et financier.<\/p>\n<p>Cession ou achat de parts, de fonds de commerce ou de branches compl\u00e8tes d&rsquo;activit\u00e9.<\/p>\n<p>Gestion de crise, dissolutions et liquidations.<\/p>\n<p>Toutes autres op\u00e9rations de droit des soci\u00e9t\u00e9s, traitement des affaires courantes et contentieux commerciaux.[\/vc_column_text][\/vc_column][vc_column column_custom_position=\u00a0\u00bbyes\u00a0\u00bb position_top=\u00a0\u00bb3x\u00a0\u00bb width=\u00a0\u00bb1\/3&Prime; heading_color=\u00a0\u00bbdark\u00a0\u00bb css=\u00a0\u00bb.vc_custom_1751741640484{border-bottom-width: 1px !important;padding-top: 36px !important;padding-right: 36px !important;padding-bottom: 36px !important;padding-left: 36px !important;background-color: #ffffff !important;border-bottom-style: solid !important;border-radius: 5px !important;border-color: #5E5E5E !important;}\u00a0\u00bb font_color=\u00a0\u00bb#696969&Prime; el_wrapper_class=\u00a0\u00bbgrve-drop-shadow\u00a0\u00bb]<h3 class=\"grve-element grve-title grve-align-left grve-h6\" style=\"\"><span>DROIT COMMERCIAL<\/span><\/h3>[vc_column_text css=\u00a0\u00bb\u00a0\u00bb]Contrats civils et commerciaux.<\/p>\n<p>Protocole de confidentialit\u00e9, avant-contrat, pourparlers, lettre d&rsquo;intention.<\/p>\n<p>R\u00e9daction de contrats de vente : Distribution, approvisionnement, agent commercial, licence, franchise, apporteur d&rsquo;affaires, d\u00e9p\u00f4t, etc.<\/p>\n<p>R\u00e9daction de contrats industriels : EPC, FIDIC, sous-traitance, etc.<\/p>\n<p>Fonds de commerce et baux commerciaux.<\/p>\n<p>Concurrence et distribution.<\/p>\n<p>Propri\u00e9t\u00e9 intellectuelle.<\/p>\n<p>Gestion de crise.[\/vc_column_text][\/vc_column][\/vc_row][vc_row heading_color=\u00a0\u00bblight\u00a0\u00bb padding_bottom_multiplier=\u00a0\u00bb\u00a0\u00bb equal_column_height=\u00a0\u00bbequal-column\u00a0\u00bb separator_bottom_size=\u00a0\u00bb60px\u00a0\u00bb font_color=\u00a0\u00bb#ffffff\u00a0\u00bb][vc_column column_custom_position=\u00a0\u00bbyes\u00a0\u00bb position_top=\u00a0\u00bb3x\u00a0\u00bb width=\u00a0\u00bb1\/3&Prime; tablet_sm_width=\u00a0\u00bb1-2&Prime; heading_color=\u00a0\u00bbdark\u00a0\u00bb css=\u00a0\u00bb.vc_custom_1751741629047{border-bottom-width: 1px !important;padding-top: 36px !important;padding-right: 36px !important;padding-bottom: 36px !important;padding-left: 36px !important;background-color: #ffffff !important;border-bottom-style: solid !important;border-radius: 5px !important;border-color: #5E5E5E !important;}\u00a0\u00bb font_color=\u00a0\u00bb#696969&Prime; el_wrapper_class=\u00a0\u00bbgrve-drop-shadow\u00a0\u00bb]<h3 class=\"grve-element grve-title grve-align-left grve-h6\" style=\"\"><span>R\u00c9GLEMENTATION, CONFORMIT\u00c9 ET RGPD<\/span><\/h3>[vc_column_text css=\u00a0\u00bb\u00a0\u00bb]Soutien aux op\u00e9rateurs publics et priv\u00e9s dans les secteurs r\u00e9glement\u00e9s (transports, t\u00e9l\u00e9communications, \u00e9nergie, soins de sant\u00e9, jeux, gestion des donn\u00e9es, etc.)<\/p>\n<p>Conformit\u00e9 et \u00e9thique des affaires.[\/vc_column_text][\/vc_column][vc_column column_custom_position=\u00a0\u00bbyes\u00a0\u00bb position_top=\u00a0\u00bb3x\u00a0\u00bb width=\u00a0\u00bb1\/3&Prime; tablet_sm_width=\u00a0\u00bb1-2&Prime; heading_color=\u00a0\u00bbdark\u00a0\u00bb css=\u00a0\u00bb.vc_custom_1751741635233{border-bottom-width: 1px !important;padding-top: 36px !important;padding-right: 36px !important;padding-bottom: 36px !important;padding-left: 36px !important;background-color: #ffffff !important;border-bottom-style: solid !important;border-radius: 5px !important;border-color: #5E5E5E !important;}\u00a0\u00bb font_color=\u00a0\u00bb#696969&Prime; el_wrapper_class=\u00a0\u00bbgrve-drop-shadow\u00a0\u00bb]<h3 class=\"grve-element grve-title grve-align-left grve-h6\" style=\"\"><span>DROIT BANCAIRE ET FINANCIER<\/span><\/h3>[vc_column_text css=\u00a0\u00bb\u00a0\u00bb]Instruments de paiement et de cr\u00e9dit.<\/p>\n<p>Financements : bancaires, interentreprises, participatifs, lev\u00e9es de fonds, etc.<\/p>\n<p>Assistance aupr\u00e8s des autorit\u00e9s de r\u00e9gulation : AMF, ACPR, etc.<\/p>\n<p>Contentieux des autorisations et agr\u00e9ments.[\/vc_column_text][\/vc_column][vc_column column_custom_position=\u00a0\u00bbyes\u00a0\u00bb position_top=\u00a0\u00bb3x\u00a0\u00bb width=\u00a0\u00bb1\/3&Prime; heading_color=\u00a0\u00bbdark\u00a0\u00bb css=\u00a0\u00bb.vc_custom_1751741640484{border-bottom-width: 1px !important;padding-top: 36px !important;padding-right: 36px !important;padding-bottom: 36px !important;padding-left: 36px !important;background-color: #ffffff !important;border-bottom-style: solid !important;border-radius: 5px !important;border-color: #5E5E5E !important;}\u00a0\u00bb font_color=\u00a0\u00bb#696969&Prime; el_wrapper_class=\u00a0\u00bbgrve-drop-shadow\u00a0\u00bb]<h3 class=\"grve-element grve-title grve-align-left grve-h6\" style=\"\"><span>DROIT DES AFFAIRES POUR LES PROFESSIONS LIB\u00c9RALES<\/span><\/h3>[vc_column_text css=\u00a0\u00bb\u00a0\u00bb]Le passage de l&rsquo;exercice individuel \u00e0 l&rsquo;exercice en soci\u00e9t\u00e9.<\/p>\n<p>Optimisation de la fiscalit\u00e9, de la gestion et de l&rsquo;administration.<\/p>\n<p>Cr\u00e9ation de SELARL, SELAFA, SELCA, SELAS, SPE, SPFPL, etc.<\/p>\n<p>Assistance et soutien aupr\u00e8s des organismes professionnels.[\/vc_column_text][\/vc_column][\/vc_row][vc_row heading_color=\u00a0\u00bblight\u00a0\u00bb padding_bottom_multiplier=\u00a0\u00bb\u00a0\u00bb equal_column_height=\u00a0\u00bbequal-column\u00a0\u00bb separator_bottom_size=\u00a0\u00bb60px\u00a0\u00bb font_color=\u00a0\u00bb#ffffff\u00a0\u00bb][vc_column column_custom_position=\u00a0\u00bbyes\u00a0\u00bb position_top=\u00a0\u00bb3x\u00a0\u00bb tablet_sm_width=\u00a0\u00bb1-2&Prime; heading_color=\u00a0\u00bbdark\u00a0\u00bb css=\u00a0\u00bb.vc_custom_1751741629047{border-bottom-width: 1px !important;padding-top: 36px !important;padding-right: 36px !important;padding-bottom: 36px !important;padding-left: 36px !important;background-color: #ffffff !important;border-bottom-style: solid !important;border-radius: 5px !important;border-color: #5E5E5E !important;}\u00a0\u00bb font_color=\u00a0\u00bb#696969&Prime; el_wrapper_class=\u00a0\u00bbgrve-drop-shadow\u00a0\u00bb]<h3 class=\"grve-element grve-title grve-align-left grve-h6\" style=\"\"><span>DROIT IMMOBILIER<\/span><\/h3>[vc_column_text css=\u00a0\u00bb\u00a0\u00bb]Agent immobilier.<br \/>\nAudit et r\u00e9daction de baux commerciaux.<br \/>\nGestion des relations entre propri\u00e9taires, locataires et copropri\u00e9taires.<br \/>\nAssistance aux SDC : r\u00e8glements de copropri\u00e9t\u00e9 contentieux, litiges sur les travaux et les charges.<\/p>\n<p><strong>March\u00e9s publics et priv\u00e9s de travaux et de services :<\/strong><\/p>\n<p><strong>Responsabilit\u00e9 des constructeurs, garantie d\u00e9cennale, garantie biennale, garantie de parfait ach\u00e8vement<\/strong>&#8230;<br \/>\nMa\u00eetrise d&rsquo;ouvrage publique et priv\u00e9e.<br \/>\nMa\u00eetrise d&rsquo;\u0153uvre et assistance au ma\u00eetre d&rsquo;ouvrage.<br \/>\nSous-traitance : agr\u00e9ment, constitution de garanties de paiement et paiement direct&#8230;<br \/>\nAssistance et conseil en cours d&rsquo;ex\u00e9cution des travaux : travaux suppl\u00e9mentaires, impr\u00e9vus, r\u00e9visions de prix, p\u00e9nalit\u00e9s et int\u00e9r\u00eats moratoires, avances, acomptes, r\u00e9ception des travaux, r\u00e9serves, lev\u00e9e des r\u00e9serves, etc.<br \/>\nR\u00e9f\u00e9r\u00e9 pr\u00e9ventif, r\u00e9f\u00e9r\u00e9 provision, r\u00e9f\u00e9r\u00e9 d&rsquo;heure \u00e0 heure, r\u00e9f\u00e9r\u00e9 constat, assistance aux expertises.[\/vc_column_text][\/vc_column][\/vc_row][vc_row padding_top_multiplier=\u00a0\u00bb\u00a0\u00bb padding_bottom_multiplier=\u00a0\u00bb\u00a0\u00bb][vc_column]<div class=\"grve-empty-space grve-height-6x\" style=\"\"><\/div>[\/vc_column][\/vc_row]<\/p>\n<\/div>","protected":false},"excerpt":{"rendered":"<p>[vc_row bg_type=\u00a0\u00bbcolor\u00a0\u00bb padding_top_multiplier=\u00a0\u00bb\u00a0\u00bb padding_bottom_multiplier=\u00a0\u00bb\u00a0\u00bb bg_color=\u00a0\u00bb#E2E2E2&Prime;][vc_column column_custom_position=\u00a0\u00bbyes\u00a0\u00bb position_top=\u00a0\u00bb6x\u00a0\u00bb width=\u00a0\u00bb5\/12&Prime;][\/vc_column][vc_column width=\u00a0\u00bb7\/12&Prime;][vc_row_inner][vc_column_inner width=\u00a0\u00bb7\/12&Prime;][vc_column_text css=\u00a0\u00bb\u00a0\u00bb] C&rsquo;est dans le d\u00e9tail et la r\u00e9flexion profonde que les strat\u00e9gies prennent forme et que les affaires sont gagn\u00e9es. Nous nous engageons \u00e0 vous donner le meilleur de nous-m\u00eames. Nous nous engageons \u00e0 vous soutenir dans l&rsquo;adversit\u00e9 et les batailles juridiques. [\/vc_column_text][\/vc_column_inner][vc_column_inner width=\u00a0\u00bb5\/12&Prime;][vc_column_text css=\u00a0\u00bb\u00a0\u00bb]Nos [&hellip;]<\/p>\n","protected":false},"author":1,"featured_media":0,"parent":0,"menu_order":0,"comment_status":"closed","ping_status":"closed","template":"","meta":{"footnotes":""},"class_list":["post-18919","page","type-page","status-publish","hentry"],"_links":{"self":[{"href":"https:\/\/brizon-mousaei-avocats.com\/fr\/wp-json\/wp\/v2\/pages\/18919","targetHints":{"allow":["GET"]}}],"collection":[{"href":"https:\/\/brizon-mousaei-avocats.com\/fr\/wp-json\/wp\/v2\/pages"}],"about":[{"href":"https:\/\/brizon-mousaei-avocats.com\/fr\/wp-json\/wp\/v2\/types\/page"}],"author":[{"embeddable":true,"href":"https:\/\/brizon-mousaei-avocats.com\/fr\/wp-json\/wp\/v2\/users\/1"}],"replies":[{"embeddable":true,"href":"https:\/\/brizon-mousaei-avocats.com\/fr\/wp-json\/wp\/v2\/comments?post=18919"}],"version-history":[{"count":2,"href":"https:\/\/brizon-mousaei-avocats.com\/fr\/wp-json\/wp\/v2\/pages\/18919\/revisions"}],"predecessor-version":[{"id":18921,"href":"https:\/\/brizon-mousaei-avocats.com\/fr\/wp-json\/wp\/v2\/pages\/18919\/revisions\/18921"}],"wp:attachment":[{"href":"https:\/\/brizon-mousaei-avocats.com\/fr\/wp-json\/wp\/v2\/media?parent=18919"}],"curies":[{"name":"wp","href":"https:\/\/api.w.org\/{rel}","templated":true}]}}