{"id":18922,"date":"2017-10-13T10:35:33","date_gmt":"2017-10-13T10:35:33","guid":{"rendered":"https:\/\/brizon-mousaei-avocats.com\/contact"},"modified":"2025-07-11T14:02:49","modified_gmt":"2025-07-11T14:02:49","slug":"contact","status":"publish","type":"page","link":"https:\/\/brizon-mousaei-avocats.com\/fr\/contact","title":{"rendered":"Contact"},"content":{"rendered":"<div class=\"wpb-content-wrapper\"><p>[vc_row section_type=\u00a0\u00bbfullwidth\u00a0\u00bb bg_type=\u00a0\u00bbcolor\u00a0\u00bb padding_top_multiplier=\u00a0\u00bb\u00a0\u00bb padding_bottom_multiplier=\u00a0\u00bb\u00a0\u00bb columns_gap=\u00a0\u00bbnone\u00a0\u00bb bg_color=\u00a0\u00bb#f7f7f7&Prime;][vc_column]<div class=\"grve-element grve-split-content grve-large-size grve-media-right\" style=\" min-height:500px\">  <div class=\"grve-split-wrapper grve-media-wrapper grve-headings-white grve-text-white\">    <div class=\"grve-wrapper-inner\">      <h1 class=\"grve-title grve-align-center grve-heading-color grve-h1 grve-custom-font-1 grve-increase-heading grve-heading-250 grve-split-title grve-split-size-large\"><span>CONTACTEZ-NOUS<\/span><\/h1>    <\/div><div class=\"grve-background-wrapper\">  <div class=\"grve-bg-image grve-bg-image-id-18089 grve-bg-center-center\"   style=\"background-image: url(https:\/\/brizon-mousaei-avocats.com\/cdn\/video-presentation-brizon-mousaei-2-2.jpg);\"><\/div>  <div class=\"grve-bg-overlay grve-bg-primary-1 grve-opacity-80\"><\/div><\/div>  <\/div>  <div class=\"grve-split-wrapper grve-content-wrapper\">    <div class=\"grve-wrapper-inner\">      <div class=\"grve-title grve-align-center grve-heading-color grve-h1 grve-custom-font-1 grve-increase-heading grve-heading-250 grve-split-title grve-split-size-large\"><span>CONTACTEZ-NOUS<\/span><\/div>    <\/div>  <\/div><\/div>[\/vc_column][\/vc_row][vc_row heading_color=\u00a0\u00bblight\u00a0\u00bb padding_top_multiplier=\u00a0\u00bb\u00a0\u00bb padding_bottom_multiplier=\u00a0\u00bb\u00a0\u00bb font_color=\u00a0\u00bb#ffffff\u00a0\u00bb][vc_column column_custom_position=\u00a0\u00bbyes\u00a0\u00bb position_top=\u00a0\u00bbminus-2x\u00a0\u00bb shadow=\u00a0\u00bblarge\u00a0\u00bb clipping_animation=\u00a0\u00bbclipping-left\u00a0\u00bb animation_delay=\u00a0\u00bb600&Prime; css=\u00a0\u00bb.vc_custom_1751286519398{padding-top: 30px !important;padding-right: 30px !important;padding-bottom: 30px !important;padding-left: 30px !important;background-color: #000000 !important;border-radius: 5px !important;}\u00a0\u00bb]<div class=\"grve-element grve-callout grve-btn-right\" style=\"\">  <div class=\"grve-callout-wrapper\"><h3 class=\"grve-callout-content grve-h4\">Demandez une consultation gratuite<\/h3>  <\/div>  <div class=\"grve-button-wrapper\"><a href=\"mailto:contact@avocats-bm.com\" class=\"grve-btn grve-btn-small grve-square grve-bg-white grve-bg-hover-black\"><span>Demande de renseignements<\/span><\/a>  <\/div><\/div>[\/vc_column][vc_column][vc_row_inner][vc_column_inner width=\u00a0\u00bb1\/2&Prime;][vc_column_text css=\u00a0\u00bb\u00a0\u00bb]<\/p>\n<p style=\"text-align: justify;\" data-start=\"238\" data-end=\"483\"><span style=\"color: #000000;\">Que vous soyez bas\u00e9 en France ou \u00e0 l&rsquo;\u00e9tranger, que vous soyez un entrepreneur, une soci\u00e9t\u00e9 ou un particulier, Brizon &amp; Mousaei est l\u00e0 pour vous aider. Notre \u00e9quipe s&rsquo;engage \u00e0 vous offrir un soutien juridique personnalis\u00e9, strat\u00e9gique et adapt\u00e9 \u00e0 vos enjeux. <\/span><\/p>\n<p style=\"text-align: justify;\" data-start=\"627\" data-end=\"711\"><span style=\"color: #000000;\"><strong data-start=\"627\" data-end=\"646\">Adresse du bureau :<\/strong><\/span><br data-start=\"646\" data-end=\"649\"><span style=\"color: #000000;\">BRIZON &amp; MOUSAEI LAW<\/span><br data-start=\"669\" data-end=\"672\"><span style=\"color: #000000;\">87 Avenue Mozart<\/span><br data-start=\"688\" data-end=\"691\"><span style=\"color: #000000;\">75016 Paris &#8211; France<\/span><\/p>\n<p style=\"text-align: justify;\" data-start=\"713\" data-end=\"769\"><span style=\"color: #000000;\"><strong data-start=\"713\" data-end=\"723\">T\u00e9l\u00e9phone :<\/strong><\/span><br data-start=\"723\" data-end=\"726\"><span style=\"color: #000000;\">T. +33 1 42 24 78 66<\/span><\/p>\n<p style=\"text-align: justify;\" data-start=\"771\" data-end=\"842\"><span style=\"color: #000000;\"><strong data-start=\"771\" data-end=\"781\">Courriel :<\/strong><\/span><br data-start=\"781\" data-end=\"784\"><span style=\"color: #000000;\"><a class=\"cursor-pointer\" style=\"color: #000000;\" rel=\"noopener\" data-start=\"787\" data-end=\"842\">contact@avocats-bm.com<\/a><\/span><\/p>\n<p style=\"text-align: justify;\" data-start=\"844\" data-end=\"974\"><span style=\"color: #000000;\">Pour toute demande de renseignements, n&rsquo;h\u00e9sitez pas \u00e0 utiliser le formulaire de contact ci-dessous. Nous vous r\u00e9pondrons rapidement et en toute confidentialit\u00e9.<\/span><\/p>\n<p style=\"text-align: justify;\" data-start=\"976\" data-end=\"1076\"><span style=\"color: #000000;\"><strong data-start=\"976\" data-end=\"1026\">Nous parlons fran\u00e7ais, anglais, persan et arabe.<\/strong><\/span><br data-start=\"1026\" data-end=\"1029\"><span style=\"color: #000000;\">Parce que la d\u00e9fense de vos droits ne conna\u00eet pas de fronti\u00e8res.<\/span><\/p>\n<p>[\/vc_column_text][\/vc_column_inner][vc_column_inner width=\u00a0\u00bb1\/2&Prime;]<div class=\"grve-map-wrapper\"><div class=\"grve-element grve-map\" data-lat=\"48.8521964\" data-lng=\"2.268157\" data-zoom=\"12\" data-disable-style=\"no\" style=\"height: 500px;\"><\/div>  <div style=\"display:none\" class=\"grve-map-point\" data-point-marker=\"\/\/brizon-mousaei-avocats.com\/cdn\/gold-position-sign-png-3.png\" data-point-lat=\"48.8521964\" data-point-lng=\"2.268157\" data-point-title=\"\" data-point-type=\"image\" data-point-marker-width=\"50\" data-point-marker-height=\"50\"><\/div><\/div>[\/vc_column_inner][\/vc_row_inner][\/vc_column][\/vc_row]<\/p>\n<\/div>","protected":false},"excerpt":{"rendered":"<p>[vc_row section_type=\u00a0\u00bbfullwidth\u00a0\u00bb bg_type=\u00a0\u00bbcolor\u00a0\u00bb padding_top_multiplier=\u00a0\u00bb\u00a0\u00bb padding_bottom_multiplier=\u00a0\u00bb\u00a0\u00bb columns_gap=\u00a0\u00bbnone\u00a0\u00bb bg_color=\u00a0\u00bb#f7f7f7&Prime;][vc_column][\/vc_column][\/vc_row][vc_row heading_color=\u00a0\u00bblight\u00a0\u00bb padding_top_multiplier=\u00a0\u00bb\u00a0\u00bb padding_bottom_multiplier=\u00a0\u00bb\u00a0\u00bb font_color=\u00a0\u00bb#ffffff\u00a0\u00bb][vc_column column_custom_position=\u00a0\u00bbyes\u00a0\u00bb position_top=\u00a0\u00bbminus-2x\u00a0\u00bb shadow=\u00a0\u00bblarge\u00a0\u00bb clipping_animation=\u00a0\u00bbclipping-left\u00a0\u00bb animation_delay=\u00a0\u00bb600&Prime; css=\u00a0\u00bb.vc_custom_1751286519398{padding-top: 30px !important;padding-right: 30px !important;padding-bottom: 30px !important;padding-left: 30px !important;background-color: #000000 !important;border-radius: 5px !important;}\u00a0\u00bb][\/vc_column][vc_column][vc_row_inner][vc_column_inner width=\u00a0\u00bb1\/2&Prime;][vc_column_text css=\u00a0\u00bb\u00a0\u00bb] Que vous soyez bas\u00e9 en France ou \u00e0 l&rsquo;\u00e9tranger, que vous soyez un entrepreneur, une soci\u00e9t\u00e9 ou un particulier, Brizon &amp; Mousaei est l\u00e0 [&hellip;]<\/p>\n","protected":false},"author":1,"featured_media":0,"parent":0,"menu_order":0,"comment_status":"closed","ping_status":"closed","template":"","meta":{"footnotes":""},"class_list":["post-18922","page","type-page","status-publish","hentry"],"_links":{"self":[{"href":"https:\/\/brizon-mousaei-avocats.com\/fr\/wp-json\/wp\/v2\/pages\/18922","targetHints":{"allow":["GET"]}}],"collection":[{"href":"https:\/\/brizon-mousaei-avocats.com\/fr\/wp-json\/wp\/v2\/pages"}],"about":[{"href":"https:\/\/brizon-mousaei-avocats.com\/fr\/wp-json\/wp\/v2\/types\/page"}],"author":[{"embeddable":true,"href":"https:\/\/brizon-mousaei-avocats.com\/fr\/wp-json\/wp\/v2\/users\/1"}],"replies":[{"embeddable":true,"href":"https:\/\/brizon-mousaei-avocats.com\/fr\/wp-json\/wp\/v2\/comments?post=18922"}],"version-history":[{"count":2,"href":"https:\/\/brizon-mousaei-avocats.com\/fr\/wp-json\/wp\/v2\/pages\/18922\/revisions"}],"predecessor-version":[{"id":18924,"href":"https:\/\/brizon-mousaei-avocats.com\/fr\/wp-json\/wp\/v2\/pages\/18922\/revisions\/18924"}],"wp:attachment":[{"href":"https:\/\/brizon-mousaei-avocats.com\/fr\/wp-json\/wp\/v2\/media?parent=18922"}],"curies":[{"name":"wp","href":"https:\/\/api.w.org\/{rel}","templated":true}]}}