{"id":18925,"date":"2025-07-05T19:00:58","date_gmt":"2025-07-05T19:00:58","guid":{"rendered":"https:\/\/brizon-mousaei-avocats.com\/notre-equipe"},"modified":"2025-07-11T14:03:03","modified_gmt":"2025-07-11T14:03:03","slug":"notre-equipe","status":"publish","type":"page","link":"https:\/\/brizon-mousaei-avocats.com\/fr\/notre-equipe","title":{"rendered":"NOTRE \u00c9QUIPE"},"content":{"rendered":"<div class=\"wpb-content-wrapper\"><p>[vc_row section_type=\u00a0\u00bbfullwidth\u00a0\u00bb bg_type=\u00a0\u00bbcolor\u00a0\u00bb padding_top_multiplier=\u00a0\u00bb\u00a0\u00bb padding_bottom_multiplier=\u00a0\u00bb\u00a0\u00bb columns_gap=\u00a0\u00bbnone\u00a0\u00bb bg_color=\u00a0\u00bb#f7f7f7&Prime;][vc_column]<div class=\"grve-element grve-split-content grve-large-size grve-media-left\" style=\" min-height:500px\">  <div class=\"grve-split-wrapper grve-media-wrapper grve-headings-white grve-text-white\">    <div class=\"grve-wrapper-inner\">      <h1 class=\"grve-title grve-align-center grve-heading-color grve-h1 grve-custom-font-1 grve-increase-heading grve-heading-250 grve-split-title grve-split-size-large\"><span>\u00c9QUIPE<\/span><\/h1>    <\/div><div class=\"grve-background-wrapper\">  <div class=\"grve-bg-image grve-bg-image-id-18093 grve-bg-center-center\"   style=\"background-image: url(https:\/\/brizon-mousaei-avocats.com\/cdn\/thumb-marteau.jpg);\"><\/div>  <div class=\"grve-bg-overlay grve-bg-primary-1 grve-opacity-80\"><\/div><\/div>  <\/div>  <div class=\"grve-split-wrapper grve-content-wrapper\">    <div class=\"grve-wrapper-inner\">      <div class=\"grve-title grve-align-center grve-heading-color grve-h1 grve-custom-font-1 grve-increase-heading grve-heading-250 grve-split-title grve-split-size-large\"><span>\u00c9QUIPE<\/span><\/div>    <\/div>  <\/div><\/div>[\/vc_column][\/vc_row][vc_row columns_gap=\u00a0\u00bb15&Prime; equal_column_height=\u00a0\u00bbmiddle-content\u00a0\u00bb][vc_column width=\u00a0\u00bb2\/3&Prime; tablet_sm_width=\u00a0\u00bb1-2&Prime;][vc_row_inner][vc_column_inner width=\u00a0\u00bb1\/2&Prime; mobile_width=\u00a0\u00bb1-2&Prime;]<div class=\"grve-element grve-image grve-hover-item grve-hover-style-1 grve-full-image\" style=\"\">  <div class=\"grve-image-wrapper\"><figure class=\"grve-image-hover grve-media grve-zoom-in\"><div class=\"grve-bg-dark grve-hover-overlay  grve-opacity-60\"><\/div><img loading=\"lazy\" decoding=\"async\" width=\"1024\" height=\"570\" src=\"https:\/\/brizon-mousaei-avocats.com\/cdn\/team-anita-mousaei-1024x570.jpg\" class=\"\" alt=\"Anita MOUSAEI \u2013 Partner manager\" srcset=\"https:\/\/brizon-mousaei-avocats.com\/cdn\/team-anita-mousaei-1024x570.jpg 1024w, https:\/\/brizon-mousaei-avocats.com\/cdn\/team-anita-mousaei-300x167.jpg 300w, https:\/\/brizon-mousaei-avocats.com\/cdn\/team-anita-mousaei-768x428.jpg 768w, https:\/\/brizon-mousaei-avocats.com\/cdn\/team-anita-mousaei.jpg 1200w\" sizes=\"auto, (max-width: 1024px) 100vw, 1024px\" \/><figcaption><\/figcaption><\/figure>   <\/div><\/div>[\/vc_column_inner][vc_column_inner width=\u00a0\u00bb1\/2&Prime; mobile_width=\u00a0\u00bb1-2&Prime;]<div class=\"grve-element grve-image grve-hover-item grve-hover-style-1 grve-full-image\" style=\"\">  <div class=\"grve-image-wrapper\"><figure class=\"grve-image-hover grve-media grve-zoom-in\"><div class=\"grve-bg-dark grve-hover-overlay  grve-opacity-60\"><\/div><img loading=\"lazy\" decoding=\"async\" width=\"1024\" height=\"571\" src=\"https:\/\/brizon-mousaei-avocats.com\/cdn\/team-stephane-brizon-1024x571.jpg\" class=\"\" alt=\"St\u00e9phane BRIZON \u2013 Partner manager\" srcset=\"https:\/\/brizon-mousaei-avocats.com\/cdn\/team-stephane-brizon-1024x571.jpg 1024w, https:\/\/brizon-mousaei-avocats.com\/cdn\/team-stephane-brizon-300x167.jpg 300w, https:\/\/brizon-mousaei-avocats.com\/cdn\/team-stephane-brizon-768x428.jpg 768w, https:\/\/brizon-mousaei-avocats.com\/cdn\/team-stephane-brizon.jpg 1200w\" sizes=\"auto, (max-width: 1024px) 100vw, 1024px\" \/><figcaption><\/figcaption><\/figure>   <\/div><\/div>[\/vc_column_inner][\/vc_row_inner][\/vc_column][vc_column width=\u00a0\u00bb1\/3&Prime; tablet_sm_width=\u00a0\u00bb1-2&Prime; css=\u00a0\u00bb.vc_custom_1751284052212{padding-top: 20px !important;padding-right: 20px !important;padding-bottom: 20px !important;padding-left: 20px !important;background-color: #D9D9D9 !important;border-radius: 5px !important;}\u00a0\u00bb][vc_column_text css=\u00a0\u00bb\u00a0\u00bb]<\/p>\n<p style=\"text-align: justify;\">Anita MOUSAEI et St\u00e9phane BRIZON sont les associ\u00e9s fondateurs de Brizon &amp; Mousaei et la force motrice de la vision et des valeurs du cabinet. Reconnus pour leur expertise compl\u00e9mentaire et leur r\u00e9flexion juridique strat\u00e9gique, ils ont b\u00e2ti une pratique fond\u00e9e sur l&rsquo;excellence, l&rsquo;int\u00e9grit\u00e9 et les relations humaines. Ensemble, ils m\u00e8nent chaque dossier avec pr\u00e9cision et d\u00e9vouement personnel, en veillant \u00e0 ce que chaque client b\u00e9n\u00e9ficie d&rsquo;un haut niveau de connaissance juridique, que ce soit en mati\u00e8re de contentieux, de droit des affaires ou de r\u00e9glementation. Leur leadership est \u00e0 la base de la r\u00e9putation du cabinet en tant que partenaire juridique de confiance et orient\u00e9 vers le client.   <\/p>\n<p>[\/vc_column_text][\/vc_column][\/vc_row][vc_row padding_top_multiplier=\u00a0\u00bb2x\u00a0\u00bb padding_bottom_multiplier=\u00a0\u00bb2x\u00a0\u00bb columns_gap=\u00a0\u00bb60&Prime;][vc_column]<h3 class=\"grve-element grve-title grve-align-left grve-h3\" style=\"\"><span><br>\n<h4 data-start=\"174\" data-end=\"192\"><strong data-start=\"178\" data-end=\"190\">OUT TEAM<\/strong><\/h4>\n<\/span><\/h3>[\/vc_column][vc_column]<div class=\"grve-empty-space grve-height-2x\" style=\"\"><\/div>[\/vc_column][vc_column width=\u00a0\u00bb1\/2&Prime;][vc_column_text css=\u00a0\u00bb\u00a0\u00bb]<\/p>\n<p style=\"text-align: justify;\" data-start=\"193\" data-end=\"230\"><strong data-start=\"193\" data-end=\"230\">Des experts \u00e0 votre service<\/strong><\/p>\n<p style=\"text-align: justify;\" data-start=\"232\" data-end=\"507\">Chez Brizon &amp; Mousaei, l&rsquo;excellence commence par les personnes. Notre cabinet repose sur une expertise juridique, une r\u00e9flexion strat\u00e9gique et des valeurs humaines fortes. Nous r\u00e9unissons une \u00e9quipe dynamique qui s&rsquo;engage \u00e0 fournir un soutien juridique de haut niveau avec pr\u00e9cision, discr\u00e9tion et int\u00e9grit\u00e9.  <\/p>\n<p style=\"text-align: justify;\" data-start=\"509\" data-end=\"603\"><strong data-start=\"509\" data-end=\"533\">Dans notre bureau de Paris :<\/strong><br data-start=\"533\" data-end=\"536\">Notre \u00e9quipe principale comprend deux avocats tr\u00e8s exp\u00e9riment\u00e9s :<\/p>\n<ul style=\"text-align: justify;\" data-start=\"604\" data-end=\"661\">\n<li data-start=\"604\" data-end=\"635\">\n<p data-start=\"606\" data-end=\"635\"><strong data-start=\"606\" data-end=\"633\">Ma\u00eetre Olivier QUEFELEC<\/strong><\/p>\n<\/li>\n<li data-start=\"636\" data-end=\"661\">\n<p data-start=\"638\" data-end=\"661\"><strong data-start=\"638\" data-end=\"661\">Ma\u00eetre Brahim DALIL<\/strong><\/p>\n<\/li>\n<\/ul>\n<p style=\"text-align: justify;\" data-start=\"663\" data-end=\"860\">Ils travaillent en \u00e9troite collaboration avec un groupe d&rsquo;<strong data-start=\"707\" data-end=\"753\">associ\u00e9s, d&rsquo;assistants juridiques et de stagiaires<\/strong> d\u00e9vou\u00e9s, ce qui garantit que chaque dossier fait l&rsquo;objet d&rsquo;une attention minutieuse et d&rsquo;un traitement personnalis\u00e9 &#8211; jamais externalis\u00e9 ou d\u00e9l\u00e9gu\u00e9.<\/p>\n<p style=\"text-align: justify;\" data-start=\"862\" data-end=\"1066\"><strong data-start=\"862\" data-end=\"890\">Au-del\u00e0 des murs de notre bureau :<\/strong><br data-start=\"890\" data-end=\"893\">Afin de fournir un soutien juridique v\u00e9ritablement complet et transversal, Brizon &amp; Mousaei a construit un <strong data-start=\"999\" data-end=\"1052\">r\u00e9seau de partenaires de<\/strong> confiance en <strong data-start=\"999\" data-end=\"1052\">France et \u00e0 l&rsquo;international<\/strong>, notamment :<\/p>\n<ul style=\"text-align: justify;\" data-start=\"1067\" data-end=\"1225\">\n<li data-start=\"1067\" data-end=\"1118\">\n<p data-start=\"1069\" data-end=\"1118\">Avocats sp\u00e9cialis\u00e9s et internationaux<\/p>\n<\/li>\n<li data-start=\"1119\" data-end=\"1131\">\n<p data-start=\"1121\" data-end=\"1131\">Notaires<\/p>\n<\/li>\n<li data-start=\"1132\" data-end=\"1158\">\n<p data-start=\"1134\" data-end=\"1158\">Commissaires judiciaires<\/p>\n<\/li>\n<li data-start=\"1159\" data-end=\"1180\">\n<p data-start=\"1161\" data-end=\"1180\">Experts en assurance<\/p>\n<\/li>\n<li data-start=\"1181\" data-end=\"1206\">\n<p data-start=\"1183\" data-end=\"1206\">Comptables agr\u00e9\u00e9s<\/p>\n<\/li>\n<li data-start=\"1207\" data-end=\"1225\">\n<p data-start=\"1209\" data-end=\"1225\">Gestionnaires d&rsquo;actifs<\/p>\n<\/li>\n<\/ul>\n<p style=\"text-align: justify;\" data-start=\"1227\" data-end=\"1397\">Cette synergie collaborative nous permet de nous adapter \u00e0 des d\u00e9fis juridiques complexes et de fournir des solutions sur mesure, quelle que soit l&rsquo;ampleur, la dur\u00e9e ou la nature de votre affaire juridique.<\/p>\n<p style=\"text-align: justify;\" data-start=\"1399\" data-end=\"1511\"><strong data-start=\"1399\" data-end=\"1511\">Avec nous, vous n&rsquo;\u00eates jamais un simple cas &#8211; vous \u00eates un client avec une mission, et nous sommes \u00e0 vos c\u00f4t\u00e9s \u00e0 chaque \u00e9tape du processus.<\/strong><\/p>\n<p>[\/vc_column_text][\/vc_column][vc_column width=\u00a0\u00bb1\/2&Prime;]<div class=\"grve-element grve-progress-bars grve-style-2 grve-line-square\" style=\"\"><div class=\"grve-element grve-progress-bar grve-margin-10\" data-value=\"98\">  <div class=\"grve-small-text grve-bar-title\">RESPONSABILIT\u00c9 ET ASSURANCE<\/div>  <div class=\"grve-bar\">    <div class=\"grve-bar-line grve-bg-primary-1\" style=\"height: 4px;\"><\/div>  <\/div><\/div><div class=\"grve-element grve-progress-bar grve-margin-10\" data-value=\"99\">  <div class=\"grve-small-text grve-bar-title\">DROIT DES SOCI\u00c9T\u00c9S<\/div>  <div class=\"grve-bar\">    <div class=\"grve-bar-line grve-bg-primary-1\" style=\"height: 4px;\"><\/div>  <\/div><\/div><div class=\"grve-element grve-progress-bar grve-margin-10\" data-value=\"90\">  <div class=\"grve-small-text grve-bar-title\">R\u00c9GLEMENTATION<\/div>  <div class=\"grve-bar\">    <div class=\"grve-bar-line grve-bg-primary-1\" style=\"height: 4px;\"><\/div>  <\/div><\/div><div class=\"grve-element grve-progress-bar grve-margin-10\" data-value=\"93\">  <div class=\"grve-small-text grve-bar-title\">CONFORMIT\u00c9 ET RGPD<\/div>  <div class=\"grve-bar\">    <div class=\"grve-bar-line grve-bg-primary-1\" style=\"height: 4px;\"><\/div>  <\/div><\/div><div class=\"grve-element grve-progress-bar grve-margin-10\" data-value=\"98\">  <div class=\"grve-small-text grve-bar-title\">DROIT COMMERCIAL<\/div>  <div class=\"grve-bar\">    <div class=\"grve-bar-line grve-bg-primary-1\" style=\"height: 4px;\"><\/div>  <\/div><\/div><div class=\"grve-element grve-progress-bar grve-margin-10\" data-value=\"97\">  <div class=\"grve-small-text grve-bar-title\">DROIT BANCAIRE ET FINANCIER<\/div>  <div class=\"grve-bar\">    <div class=\"grve-bar-line grve-bg-primary-1\" style=\"height: 4px;\"><\/div>  <\/div><\/div><div class=\"grve-element grve-progress-bar grve-margin-10\" data-value=\"99\">  <div class=\"grve-small-text grve-bar-title\">DROIT DES AFFAIRES POUR LES PROFESSIONS LIB\u00c9RALES<\/div>  <div class=\"grve-bar\">    <div class=\"grve-bar-line grve-bg-primary-1\" style=\"height: 4px;\"><\/div>  <\/div><\/div><div class=\"grve-element grve-progress-bar grve-margin-10\" data-value=\"97\">  <div class=\"grve-small-text grve-bar-title\">DROIT IMMOBILIER<\/div>  <div class=\"grve-bar\">    <div class=\"grve-bar-line grve-bg-primary-1\" style=\"height: 4px;\"><\/div>  <\/div><\/div><\/div><div class=\"grve-empty-space grve-height-1x\" style=\"\"><\/div><div class=\"grve-element grve-image grve-align-center\" style=\"\">  <div class=\"grve-image-wrapper\"><img loading=\"lazy\" decoding=\"async\" width=\"1800\" height=\"1198\" src=\"https:\/\/brizon-mousaei-avocats.com\/cdn\/video-presentation-brizon-mousaei-2-2.jpg\" class=\"attachment-full size-full\" alt=\"\" srcset=\"https:\/\/brizon-mousaei-avocats.com\/cdn\/video-presentation-brizon-mousaei-2-2.jpg 1800w, https:\/\/brizon-mousaei-avocats.com\/cdn\/video-presentation-brizon-mousaei-2-2-300x200.jpg 300w, https:\/\/brizon-mousaei-avocats.com\/cdn\/video-presentation-brizon-mousaei-2-2-1024x682.jpg 1024w, https:\/\/brizon-mousaei-avocats.com\/cdn\/video-presentation-brizon-mousaei-2-2-768x511.jpg 768w, https:\/\/brizon-mousaei-avocats.com\/cdn\/video-presentation-brizon-mousaei-2-2-1536x1022.jpg 1536w\" sizes=\"auto, (max-width: 1800px) 100vw, 1800px\" \/>   <\/div><\/div>[\/vc_column][\/vc_row]<\/p>\n<\/div>","protected":false},"excerpt":{"rendered":"<p>[vc_row section_type=\u00a0\u00bbfullwidth\u00a0\u00bb bg_type=\u00a0\u00bbcolor\u00a0\u00bb padding_top_multiplier=\u00a0\u00bb\u00a0\u00bb padding_bottom_multiplier=\u00a0\u00bb\u00a0\u00bb columns_gap=\u00a0\u00bbnone\u00a0\u00bb bg_color=\u00a0\u00bb#f7f7f7&Prime;][vc_column][\/vc_column][\/vc_row][vc_row columns_gap=\u00a0\u00bb15&Prime; equal_column_height=\u00a0\u00bbmiddle-content\u00a0\u00bb][vc_column width=\u00a0\u00bb2\/3&Prime; tablet_sm_width=\u00a0\u00bb1-2&Prime;][vc_row_inner][vc_column_inner width=\u00a0\u00bb1\/2&Prime; mobile_width=\u00a0\u00bb1-2&Prime;][\/vc_column_inner][vc_column_inner width=\u00a0\u00bb1\/2&Prime; mobile_width=\u00a0\u00bb1-2&Prime;][\/vc_column_inner][\/vc_row_inner][\/vc_column][vc_column width=\u00a0\u00bb1\/3&Prime; tablet_sm_width=\u00a0\u00bb1-2&Prime; css=\u00a0\u00bb.vc_custom_1751284052212{padding-top: 20px !important;padding-right: 20px !important;padding-bottom: 20px !important;padding-left: 20px !important;background-color: #D9D9D9 !important;border-radius: 5px !important;}\u00a0\u00bb][vc_column_text css=\u00a0\u00bb\u00a0\u00bb] Anita MOUSAEI et St\u00e9phane BRIZON sont les associ\u00e9s fondateurs de Brizon &amp; Mousaei et la force motrice de la vision et des valeurs du [&hellip;]<\/p>\n","protected":false},"author":1,"featured_media":0,"parent":0,"menu_order":0,"comment_status":"closed","ping_status":"closed","template":"","meta":{"footnotes":""},"class_list":["post-18925","page","type-page","status-publish","hentry"],"_links":{"self":[{"href":"https:\/\/brizon-mousaei-avocats.com\/fr\/wp-json\/wp\/v2\/pages\/18925","targetHints":{"allow":["GET"]}}],"collection":[{"href":"https:\/\/brizon-mousaei-avocats.com\/fr\/wp-json\/wp\/v2\/pages"}],"about":[{"href":"https:\/\/brizon-mousaei-avocats.com\/fr\/wp-json\/wp\/v2\/types\/page"}],"author":[{"embeddable":true,"href":"https:\/\/brizon-mousaei-avocats.com\/fr\/wp-json\/wp\/v2\/users\/1"}],"replies":[{"embeddable":true,"href":"https:\/\/brizon-mousaei-avocats.com\/fr\/wp-json\/wp\/v2\/comments?post=18925"}],"version-history":[{"count":2,"href":"https:\/\/brizon-mousaei-avocats.com\/fr\/wp-json\/wp\/v2\/pages\/18925\/revisions"}],"predecessor-version":[{"id":18927,"href":"https:\/\/brizon-mousaei-avocats.com\/fr\/wp-json\/wp\/v2\/pages\/18925\/revisions\/18927"}],"wp:attachment":[{"href":"https:\/\/brizon-mousaei-avocats.com\/fr\/wp-json\/wp\/v2\/media?parent=18925"}],"curies":[{"name":"wp","href":"https:\/\/api.w.org\/{rel}","templated":true}]}}