{"id":18928,"date":"2017-10-13T10:37:18","date_gmt":"2017-10-13T10:37:18","guid":{"rendered":"https:\/\/brizon-mousaei-avocats.com\/notre-firme"},"modified":"2025-07-11T14:03:12","modified_gmt":"2025-07-11T14:03:12","slug":"notre-firme","status":"publish","type":"page","link":"https:\/\/brizon-mousaei-avocats.com\/fr\/notre-firme","title":{"rendered":"NOTRE FIRME"},"content":{"rendered":"<div class=\"wpb-content-wrapper\"><p>[vc_row bg_type=\u00a0\u00bbcolor\u00a0\u00bb padding_top_multiplier=\u00a0\u00bb\u00a0\u00bb padding_bottom_multiplier=\u00a0\u00bb\u00a0\u00bb bg_color=\u00a0\u00bb#E2E2E2&Prime;][vc_column column_custom_position=\u00a0\u00bbyes\u00a0\u00bb position_top=\u00a0\u00bb6x\u00a0\u00bb width=\u00a0\u00bb5\/12&Prime;]<div class=\"grve-element grve-image grve-align-center\" style=\"\">  <div class=\"grve-image-wrapper\"><img loading=\"lazy\" decoding=\"async\" width=\"1200\" height=\"668\" src=\"https:\/\/brizon-mousaei-avocats.com\/cdn\/team-anita-mousaei.jpg\" class=\"attachment-full size-full\" alt=\"Anita MOUSAEI \u2013 Partner manager\" srcset=\"https:\/\/brizon-mousaei-avocats.com\/cdn\/team-anita-mousaei.jpg 1200w, https:\/\/brizon-mousaei-avocats.com\/cdn\/team-anita-mousaei-300x167.jpg 300w, https:\/\/brizon-mousaei-avocats.com\/cdn\/team-anita-mousaei-1024x570.jpg 1024w, https:\/\/brizon-mousaei-avocats.com\/cdn\/team-anita-mousaei-768x428.jpg 768w\" sizes=\"auto, (max-width: 1200px) 100vw, 1200px\" \/>   <\/div><\/div>[\/vc_column][vc_column width=\u00a0\u00bb7\/12&Prime;]<div class=\"grve-empty-space grve-height-6x\" style=\"\"><\/div><h1 class=\"grve-element grve-title grve-align-left grve-h1\" style=\"margin-bottom: 0px;\"><span>LE CABINET BRIZON &amp; MOUSAEI<\/span><\/h1><div class=\"grve-empty-space grve-height-3x\" style=\"\"><\/div>[vc_row_inner][vc_column_inner width=\u00a0\u00bb7\/12&Prime;][vc_column_text css=\u00a0\u00bb\u00a0\u00bb]<\/p>\n<p style=\"text-align: justify;\">Elle s&rsquo;articule autour de nos diff\u00e9rents domaines d&rsquo;expertise, notamment les entreprises, l&rsquo;assurance, l&rsquo;immobilier et les risques. Chaque jour, notre ambition est de vous offrir un service \u00e0 forte valeur ajout\u00e9e alliant inventivit\u00e9, proximit\u00e9 et haute technicit\u00e9.<\/p>\n<p>[\/vc_column_text][\/vc_column_inner][vc_column_inner width=\u00a0\u00bb5\/12&Prime;][vc_column_text css=\u00a0\u00bb\u00a0\u00bb]<strong>L&rsquo;\u00c9NERGIE ENSEMBLE POUR VOUS FAIRE PRENDRE CONSCIENCE<\/strong>[\/vc_column_text][\/vc_column_inner][\/vc_row_inner][\/vc_column][\/vc_row][vc_row padding_top_multiplier=\u00a0\u00bb\u00a0\u00bb padding_bottom_multiplier=\u00a0\u00bb3x\u00a0\u00bb][vc_column width=\u00a0\u00bb1\/2&Prime;]<div class=\"grve-empty-space grve-height-6x\" style=\"\"><\/div><div class=\"grve-empty-space grve-height-2x\" style=\"\"><\/div>[vc_column_text css=\u00a0\u00bb\u00a0\u00bb text_style=\u00a0\u00bbleader-text\u00a0\u00bb]<strong>NOTRE PHILOSOPHIE<\/strong>[\/vc_column_text]<div class=\"grve-empty-space grve-height-1x\" style=\"\"><\/div>[vc_column_text css=\u00a0\u00bb\u00a0\u00bb]<\/p>\n<p style=\"text-align: justify;\">Anita MOUSAEI et St\u00e9phane BRIZON s&rsquo;impliquent personnellement dans chaque dossier, en privil\u00e9giant l&rsquo;int\u00e9r\u00eat du client et la relation humaine. L&rsquo;\u00e9tat d&rsquo;esprit du cabinet : vous aider \u00e0 gagner et \u00e0 atteindre vos objectifs et, pourquoi pas, vos r\u00eaves.<\/p>\n<p style=\"text-align: justify;\">Avec une forte orientation technique et une culture de la cr\u00e9ativit\u00e9, l&rsquo;entreprise a b\u00e2ti son succ\u00e8s sur sa t\u00e9nacit\u00e9, sa cr\u00e9ativit\u00e9 et son r\u00e9seau.<\/p>\n<p>[\/vc_column_text][\/vc_column][vc_column width=\u00a0\u00bb1\/6&Prime;][\/vc_column][vc_column width=\u00a0\u00bb1\/3&Prime; css=\u00a0\u00bb.vc_custom_1751548082337{margin-top: 10px !important;}\u00a0\u00bb]<div class=\"grve-element grve-image grve-align-center\" style=\"\">  <div class=\"grve-image-wrapper\"><img loading=\"lazy\" decoding=\"async\" width=\"1200\" height=\"669\" src=\"https:\/\/brizon-mousaei-avocats.com\/cdn\/team-stephane-brizon.jpg\" class=\"attachment-full size-full\" alt=\"St\u00e9phane BRIZON \u2013 Partner manager\" srcset=\"https:\/\/brizon-mousaei-avocats.com\/cdn\/team-stephane-brizon.jpg 1200w, https:\/\/brizon-mousaei-avocats.com\/cdn\/team-stephane-brizon-300x167.jpg 300w, https:\/\/brizon-mousaei-avocats.com\/cdn\/team-stephane-brizon-1024x571.jpg 1024w, https:\/\/brizon-mousaei-avocats.com\/cdn\/team-stephane-brizon-768x428.jpg 768w\" sizes=\"auto, (max-width: 1200px) 100vw, 1200px\" \/>   <\/div><\/div>[\/vc_column][\/vc_row][vc_row bg_type=\u00a0\u00bbimage\u00a0\u00bb bg_image=\u00a0\u00bb18054&Prime; bg_image_type=\u00a0\u00bbparallax\u00a0\u00bb padding_top_multiplier=\u00a0\u00bb6x\u00a0\u00bb padding_bottom_multiplier=\u00a0\u00bb6x\u00a0\u00bb][vc_column]<div class=\"grve-empty-space grve-height-4x\" style=\"\"><\/div><div class=\"grve-empty-space grve-height-4x\" style=\"\"><\/div>[\/vc_column][\/vc_row][vc_row padding_top_multiplier=\u00a0\u00bb3x\u00a0\u00bb padding_bottom_multiplier=\u00a0\u00bb3x\u00a0\u00bb][vc_column width=\u00a0\u00bb1\/2&Prime;]<h3 class=\"grve-element grve-title grve-align-center grve-h2\" style=\"margin-bottom: 0px;\"><span>NOTRE HISTOIRE<\/span><\/h3><div class=\"grve-empty-space grve-height-1x\" style=\"\"><\/div>[vc_column_text css=\u00a0\u00bb\u00a0\u00bb]<\/p>\n<p style=\"text-align: justify;\">St\u00e9phane BRIZON a poursuivi l&rsquo;histoire familiale en s&rsquo;inscrivant dans l&rsquo;ADN de l&rsquo;un des plus grands cabinets d&rsquo;avocats au monde sp\u00e9cialis\u00e9 dans les risques et les assurances. L&rsquo;entreprise BRIZON n&rsquo;a cess\u00e9 de se d\u00e9velopper et de devenir un acteur majeur dans son domaine, au point d&rsquo;en devenir un acteur incontournable.<\/p>\n<p style=\"text-align: justify;\">Pour sa part, le MOUSAEI a b\u00e2ti sa r\u00e9putation d&rsquo;excellence en soutenant les chefs d&rsquo;entreprise et les d\u00e9cideurs au niveau national et international.<\/p>\n<p style=\"text-align: justify;\">Dans le monde des affaires et de l&rsquo;immobilier, Anita MOUSAEI s&rsquo;est distingu\u00e9e en g\u00e9rant avec succ\u00e8s les litiges les plus complexes et les n\u00e9gociations les plus d\u00e9licates.<\/p>\n<p style=\"text-align: justify;\">Forts de leurs exp\u00e9riences et de leurs succ\u00e8s, l&rsquo;envie de s&rsquo;ouvrir \u00e0 de nouvelles perspectives est n\u00e9e \u00e0 l&rsquo;occasion de plusieurs collaborations, les amenant \u00e0 cr\u00e9er une plateforme commune qui porterait leurs deux noms : BRIZON &amp; MOUSAEI AVOCATS.<\/p>\n<p>[\/vc_column_text][\/vc_column][vc_column width=\u00a0\u00bb1\/2&Prime;]<h3 class=\"grve-element grve-title grve-align-center grve-h2\" style=\"margin-bottom: 0px;\"><span>NOTRE SOUTIEN<\/span><\/h3><div class=\"grve-empty-space grve-height-1x\" style=\"\"><\/div>[vc_column_text css=\u00a0\u00bb\u00a0\u00bb]A votre disposition :<\/p>\n<ul>\n<li>Une plateforme<\/li>\n<li>Une strat\u00e9gie<\/li>\n<li>Un combat<\/li>\n<li>Un r\u00e9sultat<\/li>\n<\/ul>\n<p>Soutenu par Anita MOUSAEI et St\u00e9phane BRIZON et leur \u00e9quipe pluridisciplinaire.[\/vc_column_text][\/vc_column][\/vc_row]<\/p>\n<\/div>","protected":false},"excerpt":{"rendered":"<p>[vc_row bg_type=\u00a0\u00bbcolor\u00a0\u00bb padding_top_multiplier=\u00a0\u00bb\u00a0\u00bb padding_bottom_multiplier=\u00a0\u00bb\u00a0\u00bb bg_color=\u00a0\u00bb#E2E2E2&Prime;][vc_column column_custom_position=\u00a0\u00bbyes\u00a0\u00bb position_top=\u00a0\u00bb6x\u00a0\u00bb width=\u00a0\u00bb5\/12&Prime;][\/vc_column][vc_column width=\u00a0\u00bb7\/12&Prime;][vc_row_inner][vc_column_inner width=\u00a0\u00bb7\/12&Prime;][vc_column_text css=\u00a0\u00bb\u00a0\u00bb] Elle s&rsquo;articule autour de nos diff\u00e9rents domaines d&rsquo;expertise, notamment les entreprises, l&rsquo;assurance, l&rsquo;immobilier et les risques. Chaque jour, notre ambition est de vous offrir un service \u00e0 forte valeur ajout\u00e9e alliant inventivit\u00e9, proximit\u00e9 et haute technicit\u00e9. [\/vc_column_text][\/vc_column_inner][vc_column_inner width=\u00a0\u00bb5\/12&Prime;][vc_column_text css=\u00a0\u00bb\u00a0\u00bb]L&rsquo;\u00c9NERGIE ENSEMBLE POUR VOUS FAIRE PRENDRE [&hellip;]<\/p>\n","protected":false},"author":1,"featured_media":0,"parent":0,"menu_order":0,"comment_status":"closed","ping_status":"closed","template":"","meta":{"footnotes":""},"class_list":["post-18928","page","type-page","status-publish","hentry"],"_links":{"self":[{"href":"https:\/\/brizon-mousaei-avocats.com\/fr\/wp-json\/wp\/v2\/pages\/18928","targetHints":{"allow":["GET"]}}],"collection":[{"href":"https:\/\/brizon-mousaei-avocats.com\/fr\/wp-json\/wp\/v2\/pages"}],"about":[{"href":"https:\/\/brizon-mousaei-avocats.com\/fr\/wp-json\/wp\/v2\/types\/page"}],"author":[{"embeddable":true,"href":"https:\/\/brizon-mousaei-avocats.com\/fr\/wp-json\/wp\/v2\/users\/1"}],"replies":[{"embeddable":true,"href":"https:\/\/brizon-mousaei-avocats.com\/fr\/wp-json\/wp\/v2\/comments?post=18928"}],"version-history":[{"count":2,"href":"https:\/\/brizon-mousaei-avocats.com\/fr\/wp-json\/wp\/v2\/pages\/18928\/revisions"}],"predecessor-version":[{"id":18930,"href":"https:\/\/brizon-mousaei-avocats.com\/fr\/wp-json\/wp\/v2\/pages\/18928\/revisions\/18930"}],"wp:attachment":[{"href":"https:\/\/brizon-mousaei-avocats.com\/fr\/wp-json\/wp\/v2\/media?parent=18928"}],"curies":[{"name":"wp","href":"https:\/\/api.w.org\/{rel}","templated":true}]}}